{"id":31117,"date":"2024-06-13T10:51:26","date_gmt":"2024-06-13T15:51:26","guid":{"rendered":"https:\/\/kmtwaterjet.com\/misc-wasserstrahlschneider-fuer-brot-die-vorteile-des-schneiden-von-lebensmitteln\/"},"modified":"2025-03-20T12:53:34","modified_gmt":"2025-03-20T17:53:34","slug":"misc-wasserstrahlschneider-fuer-brot-die-vorteile-des-schneiden-von-lebensmitteln","status":"publish","type":"page","link":"https:\/\/kmtwaterjet.com\/de\/misc-wasserstrahlschneider-fuer-brot-die-vorteile-des-schneiden-von-lebensmitteln\/","title":{"rendered":"Wasserstrahlschneiden von Brot: Die Vorteile des Schneiden von Lebensmitteln"},"content":{"rendered":"\t\t<div data-elementor-type=\"wp-page\" data-elementor-id=\"31117\" class=\"elementor elementor-31117 elementor-2256\" data-elementor-post-type=\"page\">\n\t\t\t\t<div class=\"elementor-element elementor-element-0e9108d e-flex e-con-boxed e-con e-parent\" data-id=\"0e9108d\" data-element_type=\"container\" data-e-type=\"container\" data-settings=\"{&quot;background_background&quot;:&quot;classic&quot;,&quot;shape_divider_bottom&quot;:&quot;mountains&quot;}\">\n\t\t\t\t\t<div class=\"e-con-inner\">\n\t\t\t\t<div class=\"elementor-shape elementor-shape-bottom\" aria-hidden=\"true\" data-negative=\"false\">\n\t\t\t<svg xmlns=\"http:\/\/www.w3.org\/2000\/svg\" viewBox=\"0 0 1000 100\" preserveAspectRatio=\"none\">\n\t<path class=\"elementor-shape-fill\" opacity=\"0.33\" d=\"M473,67.3c-203.9,88.3-263.1-34-320.3,0C66,119.1,0,59.7,0,59.7V0h1000v59.7 c0,0-62.1,26.1-94.9,29.3c-32.8,3.3-62.8-12.3-75.8-22.1C806,49.6,745.3,8.7,694.9,4.7S492.4,59,473,67.3z\"\/>\n\t<path class=\"elementor-shape-fill\" opacity=\"0.66\" d=\"M734,67.3c-45.5,0-77.2-23.2-129.1-39.1c-28.6-8.7-150.3-10.1-254,39.1 s-91.7-34.4-149.2,0C115.7,118.3,0,39.8,0,39.8V0h1000v36.5c0,0-28.2-18.5-92.1-18.5C810.2,18.1,775.7,67.3,734,67.3z\"\/>\n\t<path class=\"elementor-shape-fill\" d=\"M766.1,28.9c-200-57.5-266,65.5-395.1,19.5C242,1.8,242,5.4,184.8,20.6C128,35.8,132.3,44.9,89.9,52.5C28.6,63.7,0,0,0,0 h1000c0,0-9.9,40.9-83.6,48.1S829.6,47,766.1,28.9z\"\/>\n<\/svg>\t\t<\/div>\n\t\t<div class=\"elementor-element elementor-element-41b8436 e-con-full e-flex e-con e-child\" data-id=\"41b8436\" data-element_type=\"container\" data-e-type=\"container\">\n\t\t\t\t<div class=\"elementor-element elementor-element-4b20a65 elementor-widget elementor-widget-heading\" data-id=\"4b20a65\" data-element_type=\"widget\" data-e-type=\"widget\" data-settings=\"{&quot;motion_fx_motion_fx_scrolling&quot;:&quot;yes&quot;,&quot;motion_fx_opacity_effect&quot;:&quot;yes&quot;,&quot;motion_fx_opacity_direction&quot;:&quot;out-in-out&quot;,&quot;motion_fx_opacity_level&quot;:{&quot;unit&quot;:&quot;px&quot;,&quot;size&quot;:10,&quot;sizes&quot;:[]},&quot;motion_fx_opacity_range&quot;:{&quot;unit&quot;:&quot;%&quot;,&quot;size&quot;:&quot;&quot;,&quot;sizes&quot;:{&quot;start&quot;:20,&quot;end&quot;:80}},&quot;motion_fx_devices&quot;:[&quot;desktop&quot;,&quot;tablet&quot;,&quot;mobile&quot;]}\" data-widget_type=\"heading.default\">\n\t\t\t\t<div class=\"elementor-widget-container\">\n\t\t\t\t\t<h1 class=\"elementor-heading-title elementor-size-default\">Wasserstrahlsysteme zum Schneiden von Brot und Croutons<\/h1>\t\t\t\t<\/div>\n\t\t\t\t<\/div>\n\t\t\t\t<\/div>\n\t\t\t\t\t<\/div>\n\t\t\t\t<\/div>\n\t\t<div class=\"elementor-element elementor-element-20e8b0c e-flex e-con-boxed e-con e-parent\" data-id=\"20e8b0c\" data-element_type=\"container\" data-e-type=\"container\" data-settings=\"{&quot;background_background&quot;:&quot;classic&quot;}\">\n\t\t\t\t\t<div class=\"e-con-inner\">\n\t\t<div class=\"elementor-element elementor-element-3db032c e-con-full e-flex e-con e-child\" data-id=\"3db032c\" data-element_type=\"container\" data-e-type=\"container\">\n\t\t\t\t<div class=\"elementor-element elementor-element-d577189 elementor-widget__width-initial elementor-widget elementor-widget-heading\" data-id=\"d577189\" data-element_type=\"widget\" data-e-type=\"widget\" data-widget_type=\"heading.default\">\n\t\t\t\t<div class=\"elementor-widget-container\">\n\t\t\t\t\t<h2 class=\"elementor-heading-title elementor-size-default\">Brot f\u00fcr Croutons schneiden mit KMT Waterjet\n<\/h2>\t\t\t\t<\/div>\n\t\t\t\t<\/div>\n\t\t\t\t<div class=\"elementor-element elementor-element-8ac114c elementor-widget-divider--view-line elementor-widget elementor-widget-divider\" data-id=\"8ac114c\" data-element_type=\"widget\" data-e-type=\"widget\" data-widget_type=\"divider.default\">\n\t\t\t\t<div class=\"elementor-widget-container\">\n\t\t\t\t\t\t\t<div class=\"elementor-divider\">\n\t\t\t<span class=\"elementor-divider-separator\">\n\t\t\t\t\t\t<\/span>\n\t\t<\/div>\n\t\t\t\t\t\t<\/div>\n\t\t\t\t<\/div>\n\t\t<div class=\"elementor-element elementor-element-cf345b2 e-flex e-con-boxed e-con e-child\" data-id=\"cf345b2\" data-element_type=\"container\" data-e-type=\"container\">\n\t\t\t\t\t<div class=\"e-con-inner\">\n\t\t\t\t<div class=\"elementor-element elementor-element-7503a8e elementor-widget elementor-widget-text-editor\" data-id=\"7503a8e\" data-element_type=\"widget\" data-e-type=\"widget\" data-widget_type=\"text-editor.default\">\n\t\t\t\t<div class=\"elementor-widget-container\">\n\t\t\t\t\t\t\t\t\t<p>Wasserstrahlschneiden von Brot. Noch nie davon geh\u00f6rt? <\/p><p>Bei der Herstellung von Lebensmitteln sind herk\u00f6mmliche Schneidemethoden mit Problemen wie h\u00e4ufigem Klingenwechsel und Abfall verbunden.\nDas Wasserstrahlschneiden bietet pr\u00e4zises, effizientes Schneiden ohne Klingenverschlei\u00df oder Ausfallzeiten. <\/p><p><strong>Die Klingen m\u00fcssen h\u00e4ufig gewechselt<\/strong>, gereinigt und gewartet werden, was zu Abfall und Ausfallzeiten f\u00fchrt.<\/p><p><strong>Das Wasserstrahlschneiden <\/strong>mit Mach II-Geschwindigkeit sorgt f\u00fcr pr\u00e4zise Schnitte, ohne das Brot zu zerdr\u00fccken.<img fetchpriority=\"high\" decoding=\"async\" class=\"alignright size-medium wp-image-23333\" src=\"https:\/\/kmtwaterjet.com\/wp-content\/uploads\/WATERJET-CUTTING-BREAD-CAKE-BAKED-GOODS-300x200.jpg\" alt=\"\" width=\"300\" height=\"200\" srcset=\"https:\/\/kmtwaterjet.com\/wp-content\/uploads\/WATERJET-CUTTING-BREAD-CAKE-BAKED-GOODS-300x200.jpg 300w, https:\/\/kmtwaterjet.com\/wp-content\/uploads\/WATERJET-CUTTING-BREAD-CAKE-BAKED-GOODS-768x512.jpg 768w, https:\/\/kmtwaterjet.com\/wp-content\/uploads\/WATERJET-CUTTING-BREAD-CAKE-BAKED-GOODS.jpg 900w\" sizes=\"(max-width: 300px) 100vw, 300px\" \/><\/p><p><strong>Es f\u00e4llt praktisch kein Abfall an<\/strong>, was zu h\u00f6heren Ertr\u00e4gen und konsistenten Endprodukten f\u00fchrt.<\/p><p><strong>Mehrere reine Wasserstrahlschneidd\u00fcsen<\/strong> maximieren die Produktivit\u00e4t und den Ertrag und passen sich an verschiedene Brotarten und -gr\u00f6\u00dfen an.<\/p><p><strong>Hygienestandards<\/strong> und macht den Austausch von Klingen \u00fcberfl\u00fcssig, was die Ausfallzeiten reduziert.\nBeim Wasserstrahlschneiden werden hohe Hygienestandards eingehalten, die bei der Lebensmittelverarbeitung von entscheidender Bedeutung sind. <\/p><p><strong>H\u00f6here Ausbeute <\/strong>und Zeitersparnis durch Wasserstrahlschneiden, bis zu einer Verdoppelung der Ausbeute im Vergleich zu herk\u00f6mmlichen Methoden.<\/p><p><strong>Pr\u00e4zise Schnitte:<\/strong> Die Wasserstrahltechnologie erm\u00f6glicht pr\u00e4zises Schneiden, ohne das Brot zu zerdr\u00fccken.<\/p><p><strong>Kein Abfall:<\/strong> Beim Wasserstrahlschneiden gibt es praktisch keinen Abfall, was zu h\u00f6heren Ertr\u00e4gen f\u00fchrt.<\/p><p><strong>Konsistente Wasserstrahlschnitte<\/strong>: Genie\u00dfen Sie jedes Mal gleichm\u00e4\u00dfige Wasserstrahlschnitte, die eine einheitliche Produktpr\u00e4sentation gew\u00e4hrleisten.<\/p><p><strong>Effizienz:<\/strong> Das Wasserstrahlschneiden minimiert die mit dem Klingenwechsel und der Wartung verbundenen Ausfallzeiten.<\/p><p><strong>Vielseitigkeit:<\/strong> Passen Sie die Wasserstrahltechnologie an verschiedene Brotsorten und -gr\u00f6\u00dfen an und erh\u00f6hen Sie so die Produktionsflexibilit\u00e4t.<\/p><p><strong>Leichte Reinigung:<\/strong> Alle KMT OEM-F\u00f6rderer sind aus rostfreiem Stahl gefertigt und lassen sich am Ende des Produktionstages schnell reinigen.<\/p>\t\t\t\t\t\t\t\t<\/div>\n\t\t\t\t<\/div>\n\t\t\t\t\t<\/div>\n\t\t\t\t<\/div>\n\t\t\t\t<\/div>\n\t\t\t\t\t<\/div>\n\t\t\t\t<\/div>\n\t\t<div class=\"elementor-element elementor-element-226af80 e-flex e-con-boxed e-con e-parent\" data-id=\"226af80\" data-element_type=\"container\" data-e-type=\"container\" data-settings=\"{&quot;background_background&quot;:&quot;classic&quot;,&quot;shape_divider_top&quot;:&quot;mountains&quot;,&quot;shape_divider_bottom&quot;:&quot;mountains&quot;}\">\n\t\t\t\t\t<div class=\"e-con-inner\">\n\t\t\t\t<div class=\"elementor-shape elementor-shape-top\" aria-hidden=\"true\" data-negative=\"false\">\n\t\t\t<svg xmlns=\"http:\/\/www.w3.org\/2000\/svg\" viewBox=\"0 0 1000 100\" preserveAspectRatio=\"none\">\n\t<path class=\"elementor-shape-fill\" opacity=\"0.33\" d=\"M473,67.3c-203.9,88.3-263.1-34-320.3,0C66,119.1,0,59.7,0,59.7V0h1000v59.7 c0,0-62.1,26.1-94.9,29.3c-32.8,3.3-62.8-12.3-75.8-22.1C806,49.6,745.3,8.7,694.9,4.7S492.4,59,473,67.3z\"\/>\n\t<path class=\"elementor-shape-fill\" opacity=\"0.66\" d=\"M734,67.3c-45.5,0-77.2-23.2-129.1-39.1c-28.6-8.7-150.3-10.1-254,39.1 s-91.7-34.4-149.2,0C115.7,118.3,0,39.8,0,39.8V0h1000v36.5c0,0-28.2-18.5-92.1-18.5C810.2,18.1,775.7,67.3,734,67.3z\"\/>\n\t<path class=\"elementor-shape-fill\" d=\"M766.1,28.9c-200-57.5-266,65.5-395.1,19.5C242,1.8,242,5.4,184.8,20.6C128,35.8,132.3,44.9,89.9,52.5C28.6,63.7,0,0,0,0 h1000c0,0-9.9,40.9-83.6,48.1S829.6,47,766.1,28.9z\"\/>\n<\/svg>\t\t<\/div>\n\t\t\t\t<div class=\"elementor-shape elementor-shape-bottom\" aria-hidden=\"true\" data-negative=\"false\">\n\t\t\t<svg xmlns=\"http:\/\/www.w3.org\/2000\/svg\" viewBox=\"0 0 1000 100\" preserveAspectRatio=\"none\">\n\t<path class=\"elementor-shape-fill\" opacity=\"0.33\" d=\"M473,67.3c-203.9,88.3-263.1-34-320.3,0C66,119.1,0,59.7,0,59.7V0h1000v59.7 c0,0-62.1,26.1-94.9,29.3c-32.8,3.3-62.8-12.3-75.8-22.1C806,49.6,745.3,8.7,694.9,4.7S492.4,59,473,67.3z\"\/>\n\t<path class=\"elementor-shape-fill\" opacity=\"0.66\" d=\"M734,67.3c-45.5,0-77.2-23.2-129.1-39.1c-28.6-8.7-150.3-10.1-254,39.1 s-91.7-34.4-149.2,0C115.7,118.3,0,39.8,0,39.8V0h1000v36.5c0,0-28.2-18.5-92.1-18.5C810.2,18.1,775.7,67.3,734,67.3z\"\/>\n\t<path class=\"elementor-shape-fill\" d=\"M766.1,28.9c-200-57.5-266,65.5-395.1,19.5C242,1.8,242,5.4,184.8,20.6C128,35.8,132.3,44.9,89.9,52.5C28.6,63.7,0,0,0,0 h1000c0,0-9.9,40.9-83.6,48.1S829.6,47,766.1,28.9z\"\/>\n<\/svg>\t\t<\/div>\n\t\t<div class=\"elementor-element elementor-element-f50af5f e-con-full e-flex e-con e-child\" data-id=\"f50af5f\" data-element_type=\"container\" data-e-type=\"container\">\n\t\t<div class=\"elementor-element elementor-element-a5b59f0 e-flex e-con-boxed e-con e-child\" data-id=\"a5b59f0\" data-element_type=\"container\" data-e-type=\"container\">\n\t\t\t\t\t<div class=\"e-con-inner\">\n\t\t<div class=\"elementor-element elementor-element-f465617 e-flex e-con-boxed e-con e-child\" data-id=\"f465617\" data-element_type=\"container\" data-e-type=\"container\">\n\t\t\t\t\t<div class=\"e-con-inner\">\n\t\t\t\t<div class=\"elementor-element elementor-element-864a62e elementor-widget elementor-widget-video\" data-id=\"864a62e\" data-element_type=\"widget\" data-e-type=\"widget\" data-settings=\"{&quot;video_type&quot;:&quot;vimeo&quot;,&quot;show_image_overlay&quot;:&quot;yes&quot;,&quot;image_overlay&quot;:{&quot;url&quot;:&quot;https:\\\/\\\/kmtwaterjet.com\\\/wp-content\\\/uploads\\\/KMT-WATERJET-CUTTING-BREAD-CROUTONS.jpg&quot;,&quot;id&quot;:7225,&quot;size&quot;:&quot;&quot;,&quot;alt&quot;:&quot;&quot;,&quot;source&quot;:&quot;library&quot;}}\" data-widget_type=\"video.default\">\n\t\t\t\t<div class=\"elementor-widget-container\">\n\t\t\t\t\t\t\t<div class=\"elementor-wrapper elementor-open-inline\">\n\t\t\t<iframe class=\"elementor-video-iframe\" allowfullscreen allow=\"clipboard-write\" title=\"vimeo Video Player\" src=\"https:\/\/player.vimeo.com\/video\/914455827?color&amp;autopause=0&amp;loop=0&amp;muted=0&amp;title=0&amp;portrait=0&amp;byline=0#t=\"><\/iframe>\t\t\t\t<div class=\"elementor-custom-embed-image-overlay lazyload\" style=\"background-image:inherit;\" data-bg-image=\"url(https:\/\/kmtwaterjet.com\/wp-content\/uploads\/KMT-WATERJET-CUTTING-BREAD-CROUTONS.jpg)\">\n\t\t\t\t\t\t\t\t\t\t\t\t\t\t\t\t<div class=\"elementor-custom-embed-play\" role=\"button\" aria-label=\"Video abspielen\" tabindex=\"0\">\n\t\t\t\t\t\t\t<i aria-hidden=\"true\" class=\"eicon-play\"><\/i>\t\t\t\t\t\t<\/div>\n\t\t\t\t\t\t\t\t\t<\/div>\n\t\t\t\t\t<\/div>\n\t\t\t\t\t\t<\/div>\n\t\t\t\t<\/div>\n\t\t\t\t<div class=\"elementor-element elementor-element-37f3b99 elementor-widget elementor-widget-spacer\" data-id=\"37f3b99\" data-element_type=\"widget\" data-e-type=\"widget\" data-widget_type=\"spacer.default\">\n\t\t\t\t<div class=\"elementor-widget-container\">\n\t\t\t\t\t\t\t<div class=\"elementor-spacer\">\n\t\t\t<div class=\"elementor-spacer-inner\"><\/div>\n\t\t<\/div>\n\t\t\t\t\t\t<\/div>\n\t\t\t\t<\/div>\n\t\t\t\t<div class=\"elementor-element elementor-element-51d0f79 elementor-widget elementor-widget-global elementor-global-33545 elementor-global-25337 elementor-widget-button\" data-id=\"51d0f79\" data-element_type=\"widget\" data-e-type=\"widget\" data-widget_type=\"button.default\">\n\t\t\t\t<div class=\"elementor-widget-container\">\n\t\t\t\t\t\t\t\t\t<div class=\"elementor-button-wrapper\">\n\t\t\t\t\t<a class=\"elementor-button elementor-button-link elementor-size-sm\" href=\"https:\/\/kmtwaterjet.com\/kmt-waterjet-videos\/\">\n\t\t\t\t\t\t<span class=\"elementor-button-content-wrapper\">\n\t\t\t\t\t\t\t\t\t<span class=\"elementor-button-text\">MEHR VIDEOS<\/span>\n\t\t\t\t\t<\/span>\n\t\t\t\t\t<\/a>\n\t\t\t\t<\/div>\n\t\t\t\t\t\t\t\t<\/div>\n\t\t\t\t<\/div>\n\t\t\t\t\t<\/div>\n\t\t\t\t<\/div>\n\t\t\t\t\t<\/div>\n\t\t\t\t<\/div>\n\t\t\t\t<\/div>\n\t\t\t\t\t<\/div>\n\t\t\t\t<\/div>\n\t\t\t\t<\/div>\n\t\t","protected":false},"excerpt":{"rendered":"<p>Wasserstrahlsysteme zum Schneiden von Brot und Croutons Brot f\u00fcr Croutons schneiden mit KMT Waterjet Wasserstrahlschneiden von Brot. Noch nie davon geh\u00f6rt? Bei der Herstellung von Lebensmitteln sind herk\u00f6mmliche Schneidemethoden mit Problemen wie h\u00e4ufigem Klingenwechsel und Abfall verbunden. Das Wasserstrahlschneiden bietet pr\u00e4zises, effizientes Schneiden ohne Klingenverschlei\u00df oder Ausfallzeiten. Die Klingen m\u00fcssen h\u00e4ufig gewechselt, gereinigt und gewartet [&hellip;]<\/p>\n","protected":false},"author":11,"featured_media":0,"parent":0,"menu_order":0,"comment_status":"closed","ping_status":"closed","template":"","meta":{"_acf_changed":false,"footnotes":""},"page-type":[],"class_list":["post-31117","page","type-page","status-publish","hentry"],"acf":[],"yoast_head":"<!-- This site is optimized with the Yoast SEO plugin v27.3 - https:\/\/yoast.com\/product\/yoast-seo-wordpress\/ -->\n<title>Wasserstrahlschneiden von Brot: Die Vorteile des Schneiden von Lebensmitteln | KMT Waterjet<\/title>\n<meta name=\"description\" content=\"KMT Waterjet schneidet Brot und Croutons mit Pr\u00e4zision, ohne Abfall und ohne Klingenverschlei\u00df und sorgt so f\u00fcr h\u00f6here Ertr\u00e4ge und Effizienz.\" \/>\n<meta name=\"robots\" content=\"index, follow, max-snippet:-1, max-image-preview:large, max-video-preview:-1\" \/>\n<link rel=\"canonical\" href=\"https:\/\/kmtwaterjet.com\/de\/misc-wasserstrahlschneider-fuer-brot-die-vorteile-des-schneiden-von-lebensmitteln\/\" \/>\n<meta property=\"og:locale\" content=\"de_DE\" \/>\n<meta property=\"og:type\" content=\"article\" \/>\n<meta property=\"og:title\" content=\"Wasserstrahlschneiden von Brot: Die Vorteile des Schneiden von Lebensmitteln | KMT Waterjet\" \/>\n<meta property=\"og:description\" content=\"KMT Waterjet schneidet Brot und Croutons mit Pr\u00e4zision, ohne Abfall und ohne Klingenverschlei\u00df und sorgt so f\u00fcr h\u00f6here Ertr\u00e4ge und Effizienz.\" \/>\n<meta property=\"og:url\" content=\"https:\/\/kmtwaterjet.com\/de\/misc-wasserstrahlschneider-fuer-brot-die-vorteile-des-schneiden-von-lebensmitteln\/\" \/>\n<meta property=\"og:site_name\" content=\"KMT Waterjet\" \/>\n<meta property=\"article:modified_time\" content=\"2025-03-20T17:53:34+00:00\" \/>\n<meta property=\"og:image\" content=\"https:\/\/kmtwaterjet.com\/wp-content\/uploads\/WATERJET-CUTTING-BREAD-CAKE-BAKED-GOODS.jpg\" \/>\n\t<meta property=\"og:image:width\" content=\"900\" \/>\n\t<meta property=\"og:image:height\" content=\"600\" \/>\n\t<meta property=\"og:image:type\" content=\"image\/jpeg\" \/>\n<meta name=\"twitter:card\" content=\"summary_large_image\" \/>\n<meta name=\"twitter:label1\" content=\"Gesch\u00e4tzte Lesezeit\" \/>\n\t<meta name=\"twitter:data1\" content=\"1 Minute\" \/>\n<script type=\"application\/ld+json\" class=\"yoast-schema-graph\">{\"@context\":\"https:\\\/\\\/schema.org\",\"@graph\":[{\"@type\":\"WebPage\",\"@id\":\"https:\\\/\\\/kmtwaterjet.com\\\/de\\\/misc-wasserstrahlschneider-fuer-brot-die-vorteile-des-schneiden-von-lebensmitteln\\\/\",\"url\":\"https:\\\/\\\/kmtwaterjet.com\\\/de\\\/misc-wasserstrahlschneider-fuer-brot-die-vorteile-des-schneiden-von-lebensmitteln\\\/\",\"name\":\"Wasserstrahlschneiden von Brot: Die Vorteile des Schneiden von Lebensmitteln | KMT Waterjet\",\"isPartOf\":{\"@id\":\"https:\\\/\\\/kmtwaterjet.com\\\/de\\\/#website\"},\"primaryImageOfPage\":{\"@id\":\"https:\\\/\\\/kmtwaterjet.com\\\/de\\\/misc-wasserstrahlschneider-fuer-brot-die-vorteile-des-schneiden-von-lebensmitteln\\\/#primaryimage\"},\"image\":{\"@id\":\"https:\\\/\\\/kmtwaterjet.com\\\/de\\\/misc-wasserstrahlschneider-fuer-brot-die-vorteile-des-schneiden-von-lebensmitteln\\\/#primaryimage\"},\"thumbnailUrl\":\"https:\\\/\\\/kmtwaterjet.com\\\/wp-content\\\/uploads\\\/WATERJET-CUTTING-BREAD-CAKE-BAKED-GOODS-300x200.jpg\",\"datePublished\":\"2024-06-13T15:51:26+00:00\",\"dateModified\":\"2025-03-20T17:53:34+00:00\",\"description\":\"KMT Waterjet schneidet Brot und Croutons mit Pr\u00e4zision, ohne Abfall und ohne Klingenverschlei\u00df und sorgt so f\u00fcr h\u00f6here Ertr\u00e4ge und Effizienz.\",\"breadcrumb\":{\"@id\":\"https:\\\/\\\/kmtwaterjet.com\\\/de\\\/misc-wasserstrahlschneider-fuer-brot-die-vorteile-des-schneiden-von-lebensmitteln\\\/#breadcrumb\"},\"inLanguage\":\"de-DE\",\"potentialAction\":[{\"@type\":\"ReadAction\",\"target\":[\"https:\\\/\\\/kmtwaterjet.com\\\/de\\\/misc-wasserstrahlschneider-fuer-brot-die-vorteile-des-schneiden-von-lebensmitteln\\\/\"]}]},{\"@type\":\"ImageObject\",\"inLanguage\":\"de-DE\",\"@id\":\"https:\\\/\\\/kmtwaterjet.com\\\/de\\\/misc-wasserstrahlschneider-fuer-brot-die-vorteile-des-schneiden-von-lebensmitteln\\\/#primaryimage\",\"url\":\"https:\\\/\\\/kmtwaterjet.com\\\/wp-content\\\/uploads\\\/WATERJET-CUTTING-BREAD-CAKE-BAKED-GOODS-300x200.jpg\",\"contentUrl\":\"https:\\\/\\\/kmtwaterjet.com\\\/wp-content\\\/uploads\\\/WATERJET-CUTTING-BREAD-CAKE-BAKED-GOODS-300x200.jpg\"},{\"@type\":\"BreadcrumbList\",\"@id\":\"https:\\\/\\\/kmtwaterjet.com\\\/de\\\/misc-wasserstrahlschneider-fuer-brot-die-vorteile-des-schneiden-von-lebensmitteln\\\/#breadcrumb\",\"itemListElement\":[{\"@type\":\"ListItem\",\"position\":1,\"name\":\"Home\",\"item\":\"https:\\\/\\\/kmtwaterjet.com\\\/de\\\/\"},{\"@type\":\"ListItem\",\"position\":2,\"name\":\"Wasserstrahlschneiden von Brot: Die Vorteile des Schneiden von Lebensmitteln\"}]},{\"@type\":\"WebSite\",\"@id\":\"https:\\\/\\\/kmtwaterjet.com\\\/de\\\/#website\",\"url\":\"https:\\\/\\\/kmtwaterjet.com\\\/de\\\/\",\"name\":\"KMT Waterjet\",\"description\":\"KMT Waterjet for waterjet cutting metal, stone, glass, steel and more\",\"publisher\":{\"@id\":\"https:\\\/\\\/kmtwaterjet.com\\\/de\\\/#organization\"},\"potentialAction\":[{\"@type\":\"SearchAction\",\"target\":{\"@type\":\"EntryPoint\",\"urlTemplate\":\"https:\\\/\\\/kmtwaterjet.com\\\/de\\\/?s={search_term_string}\"},\"query-input\":{\"@type\":\"PropertyValueSpecification\",\"valueRequired\":true,\"valueName\":\"search_term_string\"}}],\"inLanguage\":\"de-DE\"},{\"@type\":\"Organization\",\"@id\":\"https:\\\/\\\/kmtwaterjet.com\\\/de\\\/#organization\",\"name\":\"KMT Waterjet\",\"url\":\"https:\\\/\\\/kmtwaterjet.com\\\/de\\\/\",\"logo\":{\"@type\":\"ImageObject\",\"inLanguage\":\"de-DE\",\"@id\":\"https:\\\/\\\/kmtwaterjet.com\\\/de\\\/#\\\/schema\\\/logo\\\/image\\\/\",\"url\":\"https:\\\/\\\/kmtwaterjet.com\\\/wp-content\\\/uploads\\\/kmt_logo_2020.png\",\"contentUrl\":\"https:\\\/\\\/kmtwaterjet.com\\\/wp-content\\\/uploads\\\/kmt_logo_2020.png\",\"width\":1002,\"height\":605,\"caption\":\"KMT Waterjet\"},\"image\":{\"@id\":\"https:\\\/\\\/kmtwaterjet.com\\\/de\\\/#\\\/schema\\\/logo\\\/image\\\/\"}}]}<\/script>\n<!-- \/ Yoast SEO plugin. -->","yoast_head_json":{"title":"Wasserstrahlschneiden von Brot: Die Vorteile des Schneiden von Lebensmitteln | KMT Waterjet","description":"KMT Waterjet schneidet Brot und Croutons mit Pr\u00e4zision, ohne Abfall und ohne Klingenverschlei\u00df und sorgt so f\u00fcr h\u00f6here Ertr\u00e4ge und Effizienz.","robots":{"index":"index","follow":"follow","max-snippet":"max-snippet:-1","max-image-preview":"max-image-preview:large","max-video-preview":"max-video-preview:-1"},"canonical":"https:\/\/kmtwaterjet.com\/de\/misc-wasserstrahlschneider-fuer-brot-die-vorteile-des-schneiden-von-lebensmitteln\/","og_locale":"de_DE","og_type":"article","og_title":"Wasserstrahlschneiden von Brot: Die Vorteile des Schneiden von Lebensmitteln | KMT Waterjet","og_description":"KMT Waterjet schneidet Brot und Croutons mit Pr\u00e4zision, ohne Abfall und ohne Klingenverschlei\u00df und sorgt so f\u00fcr h\u00f6here Ertr\u00e4ge und Effizienz.","og_url":"https:\/\/kmtwaterjet.com\/de\/misc-wasserstrahlschneider-fuer-brot-die-vorteile-des-schneiden-von-lebensmitteln\/","og_site_name":"KMT Waterjet","article_modified_time":"2025-03-20T17:53:34+00:00","og_image":[{"width":900,"height":600,"url":"https:\/\/kmtwaterjet.com\/wp-content\/uploads\/WATERJET-CUTTING-BREAD-CAKE-BAKED-GOODS.jpg","type":"image\/jpeg"}],"twitter_card":"summary_large_image","twitter_misc":{"Gesch\u00e4tzte Lesezeit":"1 Minute"},"schema":{"@context":"https:\/\/schema.org","@graph":[{"@type":"WebPage","@id":"https:\/\/kmtwaterjet.com\/de\/misc-wasserstrahlschneider-fuer-brot-die-vorteile-des-schneiden-von-lebensmitteln\/","url":"https:\/\/kmtwaterjet.com\/de\/misc-wasserstrahlschneider-fuer-brot-die-vorteile-des-schneiden-von-lebensmitteln\/","name":"Wasserstrahlschneiden von Brot: Die Vorteile des Schneiden von Lebensmitteln | KMT Waterjet","isPartOf":{"@id":"https:\/\/kmtwaterjet.com\/de\/#website"},"primaryImageOfPage":{"@id":"https:\/\/kmtwaterjet.com\/de\/misc-wasserstrahlschneider-fuer-brot-die-vorteile-des-schneiden-von-lebensmitteln\/#primaryimage"},"image":{"@id":"https:\/\/kmtwaterjet.com\/de\/misc-wasserstrahlschneider-fuer-brot-die-vorteile-des-schneiden-von-lebensmitteln\/#primaryimage"},"thumbnailUrl":"https:\/\/kmtwaterjet.com\/wp-content\/uploads\/WATERJET-CUTTING-BREAD-CAKE-BAKED-GOODS-300x200.jpg","datePublished":"2024-06-13T15:51:26+00:00","dateModified":"2025-03-20T17:53:34+00:00","description":"KMT Waterjet schneidet Brot und Croutons mit Pr\u00e4zision, ohne Abfall und ohne Klingenverschlei\u00df und sorgt so f\u00fcr h\u00f6here Ertr\u00e4ge und Effizienz.","breadcrumb":{"@id":"https:\/\/kmtwaterjet.com\/de\/misc-wasserstrahlschneider-fuer-brot-die-vorteile-des-schneiden-von-lebensmitteln\/#breadcrumb"},"inLanguage":"de-DE","potentialAction":[{"@type":"ReadAction","target":["https:\/\/kmtwaterjet.com\/de\/misc-wasserstrahlschneider-fuer-brot-die-vorteile-des-schneiden-von-lebensmitteln\/"]}]},{"@type":"ImageObject","inLanguage":"de-DE","@id":"https:\/\/kmtwaterjet.com\/de\/misc-wasserstrahlschneider-fuer-brot-die-vorteile-des-schneiden-von-lebensmitteln\/#primaryimage","url":"https:\/\/kmtwaterjet.com\/wp-content\/uploads\/WATERJET-CUTTING-BREAD-CAKE-BAKED-GOODS-300x200.jpg","contentUrl":"https:\/\/kmtwaterjet.com\/wp-content\/uploads\/WATERJET-CUTTING-BREAD-CAKE-BAKED-GOODS-300x200.jpg"},{"@type":"BreadcrumbList","@id":"https:\/\/kmtwaterjet.com\/de\/misc-wasserstrahlschneider-fuer-brot-die-vorteile-des-schneiden-von-lebensmitteln\/#breadcrumb","itemListElement":[{"@type":"ListItem","position":1,"name":"Home","item":"https:\/\/kmtwaterjet.com\/de\/"},{"@type":"ListItem","position":2,"name":"Wasserstrahlschneiden von Brot: Die Vorteile des Schneiden von Lebensmitteln"}]},{"@type":"WebSite","@id":"https:\/\/kmtwaterjet.com\/de\/#website","url":"https:\/\/kmtwaterjet.com\/de\/","name":"KMT Waterjet","description":"KMT Waterjet for waterjet cutting metal, stone, glass, steel and more","publisher":{"@id":"https:\/\/kmtwaterjet.com\/de\/#organization"},"potentialAction":[{"@type":"SearchAction","target":{"@type":"EntryPoint","urlTemplate":"https:\/\/kmtwaterjet.com\/de\/?s={search_term_string}"},"query-input":{"@type":"PropertyValueSpecification","valueRequired":true,"valueName":"search_term_string"}}],"inLanguage":"de-DE"},{"@type":"Organization","@id":"https:\/\/kmtwaterjet.com\/de\/#organization","name":"KMT Waterjet","url":"https:\/\/kmtwaterjet.com\/de\/","logo":{"@type":"ImageObject","inLanguage":"de-DE","@id":"https:\/\/kmtwaterjet.com\/de\/#\/schema\/logo\/image\/","url":"https:\/\/kmtwaterjet.com\/wp-content\/uploads\/kmt_logo_2020.png","contentUrl":"https:\/\/kmtwaterjet.com\/wp-content\/uploads\/kmt_logo_2020.png","width":1002,"height":605,"caption":"KMT Waterjet"},"image":{"@id":"https:\/\/kmtwaterjet.com\/de\/#\/schema\/logo\/image\/"}}]}},"_links":{"self":[{"href":"https:\/\/kmtwaterjet.com\/de\/wp-json\/wp\/v2\/pages\/31117","targetHints":{"allow":["GET"]}}],"collection":[{"href":"https:\/\/kmtwaterjet.com\/de\/wp-json\/wp\/v2\/pages"}],"about":[{"href":"https:\/\/kmtwaterjet.com\/de\/wp-json\/wp\/v2\/types\/page"}],"author":[{"embeddable":true,"href":"https:\/\/kmtwaterjet.com\/de\/wp-json\/wp\/v2\/users\/11"}],"replies":[{"embeddable":true,"href":"https:\/\/kmtwaterjet.com\/de\/wp-json\/wp\/v2\/comments?post=31117"}],"version-history":[{"count":0,"href":"https:\/\/kmtwaterjet.com\/de\/wp-json\/wp\/v2\/pages\/31117\/revisions"}],"wp:attachment":[{"href":"https:\/\/kmtwaterjet.com\/de\/wp-json\/wp\/v2\/media?parent=31117"}],"wp:term":[{"taxonomy":"page-type","embeddable":true,"href":"https:\/\/kmtwaterjet.com\/de\/wp-json\/wp\/v2\/page-type?post=31117"}],"curies":[{"name":"wp","href":"https:\/\/api.w.org\/{rel}","templated":true}]}}