{"id":30879,"date":"2024-06-13T10:24:36","date_gmt":"2024-06-13T15:24:36","guid":{"rendered":"https:\/\/kmtwaterjet.com\/ueber-uns-die-pioniere-des-wasserstrahlschneidens\/kmt-mission-vision-werteerklaerung\/"},"modified":"2026-03-26T10:59:53","modified_gmt":"2026-03-26T15:59:53","slug":"kmt-mission-vision-werteerklaerung","status":"publish","type":"page","link":"https:\/\/kmtwaterjet.com\/de\/ueber-uns-die-pioniere-des-wasserstrahlschneidens\/kmt-mission-vision-werteerklaerung\/","title":{"rendered":"KMT Mission, Vision und Werteerkl\u00e4rung"},"content":{"rendered":"\t\t<div data-elementor-type=\"wp-page\" data-elementor-id=\"30879\" class=\"elementor elementor-30879 elementor-19356\" data-elementor-post-type=\"page\">\n\t\t\t\t<div class=\"elementor-element elementor-element-cb093e1 e-con-full e-flex e-con e-parent\" data-id=\"cb093e1\" data-element_type=\"container\" data-e-type=\"container\" data-settings=\"{&quot;background_background&quot;:&quot;classic&quot;,&quot;shape_divider_top&quot;:&quot;mountains&quot;}\">\n\t\t\t\t<div class=\"elementor-shape elementor-shape-top\" aria-hidden=\"true\" data-negative=\"false\">\n\t\t\t<svg xmlns=\"http:\/\/www.w3.org\/2000\/svg\" viewBox=\"0 0 1000 100\" preserveAspectRatio=\"none\">\n\t<path class=\"elementor-shape-fill\" opacity=\"0.33\" d=\"M473,67.3c-203.9,88.3-263.1-34-320.3,0C66,119.1,0,59.7,0,59.7V0h1000v59.7 c0,0-62.1,26.1-94.9,29.3c-32.8,3.3-62.8-12.3-75.8-22.1C806,49.6,745.3,8.7,694.9,4.7S492.4,59,473,67.3z\"\/>\n\t<path class=\"elementor-shape-fill\" opacity=\"0.66\" d=\"M734,67.3c-45.5,0-77.2-23.2-129.1-39.1c-28.6-8.7-150.3-10.1-254,39.1 s-91.7-34.4-149.2,0C115.7,118.3,0,39.8,0,39.8V0h1000v36.5c0,0-28.2-18.5-92.1-18.5C810.2,18.1,775.7,67.3,734,67.3z\"\/>\n\t<path class=\"elementor-shape-fill\" d=\"M766.1,28.9c-200-57.5-266,65.5-395.1,19.5C242,1.8,242,5.4,184.8,20.6C128,35.8,132.3,44.9,89.9,52.5C28.6,63.7,0,0,0,0 h1000c0,0-9.9,40.9-83.6,48.1S829.6,47,766.1,28.9z\"\/>\n<\/svg>\t\t<\/div>\n\t\t<div class=\"elementor-element elementor-element-180e2e1 e-flex e-con-boxed e-con e-child\" data-id=\"180e2e1\" data-element_type=\"container\" data-e-type=\"container\" data-settings=\"{&quot;background_background&quot;:&quot;classic&quot;,&quot;shape_divider_bottom&quot;:&quot;waves&quot;}\">\n\t\t\t\t\t<div class=\"e-con-inner\">\n\t\t\t\t<div class=\"elementor-shape elementor-shape-bottom\" aria-hidden=\"true\" data-negative=\"false\">\n\t\t\t<svg xmlns=\"http:\/\/www.w3.org\/2000\/svg\" viewBox=\"0 0 1000 100\" preserveAspectRatio=\"none\">\n\t<path class=\"elementor-shape-fill\" d=\"M421.9,6.5c22.6-2.5,51.5,0.4,75.5,5.3c23.6,4.9,70.9,23.5,100.5,35.7c75.8,32.2,133.7,44.5,192.6,49.7\n\tc23.6,2.1,48.7,3.5,103.4-2.5c54.7-6,106.2-25.6,106.2-25.6V0H0v30.3c0,0,72,32.6,158.4,30.5c39.2-0.7,92.8-6.7,134-22.4\n\tc21.2-8.1,52.2-18.2,79.7-24.2C399.3,7.9,411.6,7.5,421.9,6.5z\"\/>\n<\/svg>\t\t<\/div>\n\t\t\t\t<div class=\"elementor-element elementor-element-ef50307 elementor-widget__width-initial elementor-widget elementor-widget-heading\" data-id=\"ef50307\" data-element_type=\"widget\" data-e-type=\"widget\" data-widget_type=\"heading.default\">\n\t\t\t\t<div class=\"elementor-widget-container\">\n\t\t\t\t\t<h1 class=\"elementor-heading-title elementor-size-default\">KMT WATERJET AUFTRAG, VISION &amp; WERTE<\/h1>\t\t\t\t<\/div>\n\t\t\t\t<\/div>\n\t\t\t\t\t<\/div>\n\t\t\t\t<\/div>\n\t\t\t\t<\/div>\n\t\t<div class=\"elementor-element elementor-element-9ae9aca e-flex e-con-boxed e-con e-parent\" data-id=\"9ae9aca\" data-element_type=\"container\" data-e-type=\"container\">\n\t\t\t\t\t<div class=\"e-con-inner\">\n\t\t<div class=\"elementor-element elementor-element-e6d123b e-con-full e-flex e-con e-child\" data-id=\"e6d123b\" data-element_type=\"container\" data-e-type=\"container\">\n\t\t\t\t<div class=\"elementor-element elementor-element-ad0efbc elementor-widget elementor-widget-heading\" data-id=\"ad0efbc\" data-element_type=\"widget\" data-e-type=\"widget\" data-widget_type=\"heading.default\">\n\t\t\t\t<div class=\"elementor-widget-container\">\n\t\t\t\t\t<h2 class=\"elementor-heading-title elementor-size-default\">MISSION<\/h2>\t\t\t\t<\/div>\n\t\t\t\t<\/div>\n\t\t\t\t<div class=\"elementor-element elementor-element-e7f9a70 elementor-widget-divider--view-line elementor-widget elementor-widget-divider\" data-id=\"e7f9a70\" data-element_type=\"widget\" data-e-type=\"widget\" data-widget_type=\"divider.default\">\n\t\t\t\t<div class=\"elementor-widget-container\">\n\t\t\t\t\t\t\t<div class=\"elementor-divider\">\n\t\t\t<span class=\"elementor-divider-separator\">\n\t\t\t\t\t\t<\/span>\n\t\t<\/div>\n\t\t\t\t\t\t<\/div>\n\t\t\t\t<\/div>\n\t\t\t\t<div class=\"elementor-element elementor-element-6bc129c elementor-widget elementor-widget-text-editor\" data-id=\"6bc129c\" data-element_type=\"widget\" data-e-type=\"widget\" data-widget_type=\"text-editor.default\">\n\t\t\t\t<div class=\"elementor-widget-container\">\n\t\t\t\t\t\t\t\t\t<p>KMT wird k\u00fchn und unerm\u00fcdlich unser Engagement verfolgen, unsere Kunden durch innovative Produkte zu unterst\u00fctzen, die von einem fanatischen Service und Support begleitet werden. Wir werden unseren Mitarbeitern ein anregendes und unterst\u00fctzendes Umfeld bieten, in dem sie arbeiten und wachsen k\u00f6nnen, und wir werden den Erfolg unserer Lieferanten und Partner durch eine robuste Kommunikation und unser Engagement f\u00fcr eine Kultur der Zusammenarbeit f\u00f6rdern.<\/p>\t\t\t\t\t\t\t\t<\/div>\n\t\t\t\t<\/div>\n\t\t\t\t<div class=\"elementor-element elementor-element-2652cf8 elementor-widget elementor-widget-heading\" data-id=\"2652cf8\" data-element_type=\"widget\" data-e-type=\"widget\" data-widget_type=\"heading.default\">\n\t\t\t\t<div class=\"elementor-widget-container\">\n\t\t\t\t\t<h2 class=\"elementor-heading-title elementor-size-default\">VISION<\/h2>\t\t\t\t<\/div>\n\t\t\t\t<\/div>\n\t\t\t\t<div class=\"elementor-element elementor-element-7692b5b elementor-widget-divider--view-line elementor-widget elementor-widget-divider\" data-id=\"7692b5b\" data-element_type=\"widget\" data-e-type=\"widget\" data-widget_type=\"divider.default\">\n\t\t\t\t<div class=\"elementor-widget-container\">\n\t\t\t\t\t\t\t<div class=\"elementor-divider\">\n\t\t\t<span class=\"elementor-divider-separator\">\n\t\t\t\t\t\t<\/span>\n\t\t<\/div>\n\t\t\t\t\t\t<\/div>\n\t\t\t\t<\/div>\n\t\t\t\t<div class=\"elementor-element elementor-element-673cd8a elementor-widget elementor-widget-text-editor\" data-id=\"673cd8a\" data-element_type=\"widget\" data-e-type=\"widget\" data-widget_type=\"text-editor.default\">\n\t\t\t\t<div class=\"elementor-widget-container\">\n\t\t\t\t\t\t\t\t\t<p>Als Pionier in der Ultrahochdruck-Wassertechnologie ist KMT entschlossen, sein Erbe als Innovator der Wahl f\u00fcr die globale Herstellergemeinschaft fortzusetzen, indem wir inspirierend gestaltete Schneid-, Form- und Drucktechnologien anbieten und deren Wert durch einen beispiellosen Service und Support f\u00fcr unsere Kunden erweitern.<\/p><p><img fetchpriority=\"high\" decoding=\"async\" class=\"alignright size-full wp-image-17466\" src=\"https:\/\/kmtwaterjet.com\/wp-content\/uploads\/KMT-WATERJET-COMPLETE-CUTTING-SYSTEM-COMPONENTS-GRAPHIC.png\" alt=\"\" width=\"1000\" height=\"424\" srcset=\"https:\/\/kmtwaterjet.com\/wp-content\/uploads\/KMT-WATERJET-COMPLETE-CUTTING-SYSTEM-COMPONENTS-GRAPHIC.png 1000w, https:\/\/kmtwaterjet.com\/wp-content\/uploads\/KMT-WATERJET-COMPLETE-CUTTING-SYSTEM-COMPONENTS-GRAPHIC-300x127.png 300w, https:\/\/kmtwaterjet.com\/wp-content\/uploads\/KMT-WATERJET-COMPLETE-CUTTING-SYSTEM-COMPONENTS-GRAPHIC-768x326.png 768w\" sizes=\"(max-width: 1000px) 100vw, 1000px\" \/><\/p>\t\t\t\t\t\t\t\t<\/div>\n\t\t\t\t<\/div>\n\t\t\t\t<\/div>\n\t\t<div class=\"elementor-element elementor-element-6c64f62 e-con-full e-flex e-con e-child\" data-id=\"6c64f62\" data-element_type=\"container\" data-e-type=\"container\">\n\t\t<div class=\"elementor-element elementor-element-26bb391 e-con-full e-flex e-con e-child\" data-id=\"26bb391\" data-element_type=\"container\" data-e-type=\"container\">\n\t\t\t\t<div class=\"elementor-element elementor-element-f7fc0ed elementor-widget elementor-widget-heading\" data-id=\"f7fc0ed\" data-element_type=\"widget\" data-e-type=\"widget\" data-widget_type=\"heading.default\">\n\t\t\t\t<div class=\"elementor-widget-container\">\n\t\t\t\t\t<h2 class=\"elementor-heading-title elementor-size-default\">VALUES<\/h2>\t\t\t\t<\/div>\n\t\t\t\t<\/div>\n\t\t\t\t<div class=\"elementor-element elementor-element-e0a1126 elementor-widget-divider--view-line elementor-widget elementor-widget-divider\" data-id=\"e0a1126\" data-element_type=\"widget\" data-e-type=\"widget\" data-widget_type=\"divider.default\">\n\t\t\t\t<div class=\"elementor-widget-container\">\n\t\t\t\t\t\t\t<div class=\"elementor-divider\">\n\t\t\t<span class=\"elementor-divider-separator\">\n\t\t\t\t\t\t<\/span>\n\t\t<\/div>\n\t\t\t\t\t\t<\/div>\n\t\t\t\t<\/div>\n\t\t\t\t<div class=\"elementor-element elementor-element-e8d5bbf elementor-widget elementor-widget-text-editor\" data-id=\"e8d5bbf\" data-element_type=\"widget\" data-e-type=\"widget\" data-widget_type=\"text-editor.default\">\n\t\t\t\t<div class=\"elementor-widget-container\">\n\t\t\t\t\t\t\t\t\t<p><strong>Gesundheit und Sicherheit &#8211;<\/strong> Wir setzen uns kompromisslos f\u00fcr die Gesundheit und Sicherheit unserer Mitarbeiter, Subunternehmer und Kunden ein. Sicherheit liegt in der Verantwortung eines jeden. <\/p><p><strong>Unsere Mitarbeiter &#8211;<\/strong> Wir sind davon \u00fcberzeugt, dass unsere Mitarbeiter unser gr\u00f6\u00dftes Kapital sind, und bieten ihnen globale M\u00f6glichkeiten f\u00fcr Wachstum und Entwicklung.<\/p><p><strong>Kunden &#8211;<\/strong> Unsere Kunden sind, wie unsere Mitarbeiter, das Herzst\u00fcck unseres Unternehmens. Wir sch\u00e4tzen diese Beziehungen \u00fcber alles. <\/p><p><strong>L\u00f6sungen &#8211;<\/strong> Wir gehen bis an die Grenzen der fortschrittlichen Technologie, um innovative L\u00f6sungen zu liefern, die den Betrieb unserer Kunden verbessern.<\/p><p><strong>Qualit\u00e4t &#8211;<\/strong> Wir streben nach hohen Standards bei unseren Dienstleistungen, Produkten und Projektmanagement-Methoden. Wir gehen weit \u00fcber die Erwartungen unserer Kunden hinaus. <\/p><p><strong>Flexibilit\u00e4t &#8211;<\/strong> Wir sind stolz darauf, wendig und flexibel zu sein und gleichzeitig eine unkomplizierte Gesch\u00e4ftsbeziehung zu pflegen.\nWir sind unternehmerisch. <\/p><p><strong>Nachhaltigkeit &#8211;<\/strong> Wir verhalten uns in einer sozial verantwortlichen Weise, die alle Menschenrechte respektiert und unsere Umwelt sch\u00fctzt.<\/p>\t\t\t\t\t\t\t\t<\/div>\n\t\t\t\t<\/div>\n\t\t\t\t<\/div>\n\t\t\t\t<\/div>\n\t\t\t\t\t<\/div>\n\t\t\t\t<\/div>\n\t\t\t\t<\/div>\n\t\t","protected":false},"excerpt":{"rendered":"<p>KMT WATERJET AUFTRAG, VISION &amp; WERTE MISSION KMT wird k\u00fchn und unerm\u00fcdlich unser Engagement verfolgen, unsere Kunden durch innovative Produkte zu unterst\u00fctzen, die von einem fanatischen Service und Support begleitet werden. Wir werden unseren Mitarbeitern ein anregendes und unterst\u00fctzendes Umfeld bieten, in dem sie arbeiten und wachsen k\u00f6nnen, und wir werden den Erfolg unserer Lieferanten [&hellip;]<\/p>\n","protected":false},"author":11,"featured_media":0,"parent":29264,"menu_order":0,"comment_status":"closed","ping_status":"closed","template":"elementor_header_footer","meta":{"_acf_changed":false,"footnotes":""},"page-type":[],"class_list":["post-30879","page","type-page","status-publish","hentry"],"acf":[],"yoast_head":"<!-- This site is optimized with the Yoast SEO plugin v27.3 - https:\/\/yoast.com\/product\/yoast-seo-wordpress\/ -->\n<title>KMT Mission, Vision und Werteerkl\u00e4rung | KMT Waterjet<\/title>\n<meta name=\"description\" content=\"KMT liefert innovative Ultrahochdruck-Wasserl\u00f6sungen, die durch au\u00dfergew\u00f6hnlichen Service, Sicherheit und ein Engagement f\u00fcr den Kundenerfolg unterst\u00fctzt werden.\" \/>\n<meta name=\"robots\" content=\"index, follow, max-snippet:-1, max-image-preview:large, max-video-preview:-1\" \/>\n<link rel=\"canonical\" href=\"https:\/\/kmtwaterjet.com\/de\/ueber-uns-die-pioniere-des-wasserstrahlschneidens\/kmt-mission-vision-werteerklaerung\/\" \/>\n<meta property=\"og:locale\" content=\"de_DE\" \/>\n<meta property=\"og:type\" content=\"article\" \/>\n<meta property=\"og:title\" content=\"KMT Mission, Vision und Werteerkl\u00e4rung | KMT Waterjet\" \/>\n<meta property=\"og:description\" content=\"KMT liefert innovative Ultrahochdruck-Wasserl\u00f6sungen, die durch au\u00dfergew\u00f6hnlichen Service, Sicherheit und ein Engagement f\u00fcr den Kundenerfolg unterst\u00fctzt werden.\" \/>\n<meta property=\"og:url\" content=\"https:\/\/kmtwaterjet.com\/de\/ueber-uns-die-pioniere-des-wasserstrahlschneidens\/kmt-mission-vision-werteerklaerung\/\" \/>\n<meta property=\"og:site_name\" content=\"KMT Waterjet\" \/>\n<meta property=\"article:modified_time\" content=\"2026-03-26T15:59:53+00:00\" \/>\n<meta property=\"og:image\" content=\"https:\/\/kmtwaterjet.com\/wp-content\/uploads\/KMT-WATERJET-COMPLETE-CUTTING-SYSTEM-COMPONENTS-GRAPHIC.png\" \/>\n\t<meta property=\"og:image:width\" content=\"1000\" \/>\n\t<meta property=\"og:image:height\" content=\"424\" \/>\n\t<meta property=\"og:image:type\" content=\"image\/png\" \/>\n<meta name=\"twitter:card\" content=\"summary_large_image\" \/>\n<meta name=\"twitter:label1\" content=\"Gesch\u00e4tzte Lesezeit\" \/>\n\t<meta name=\"twitter:data1\" content=\"1 Minute\" \/>\n<script type=\"application\/ld+json\" class=\"yoast-schema-graph\">{\"@context\":\"https:\\\/\\\/schema.org\",\"@graph\":[{\"@type\":\"WebPage\",\"@id\":\"https:\\\/\\\/kmtwaterjet.com\\\/de\\\/ueber-uns-die-pioniere-des-wasserstrahlschneidens\\\/kmt-mission-vision-werteerklaerung\\\/\",\"url\":\"https:\\\/\\\/kmtwaterjet.com\\\/de\\\/ueber-uns-die-pioniere-des-wasserstrahlschneidens\\\/kmt-mission-vision-werteerklaerung\\\/\",\"name\":\"KMT Mission, Vision und Werteerkl\u00e4rung | KMT Waterjet\",\"isPartOf\":{\"@id\":\"https:\\\/\\\/kmtwaterjet.com\\\/de\\\/#website\"},\"primaryImageOfPage\":{\"@id\":\"https:\\\/\\\/kmtwaterjet.com\\\/de\\\/ueber-uns-die-pioniere-des-wasserstrahlschneidens\\\/kmt-mission-vision-werteerklaerung\\\/#primaryimage\"},\"image\":{\"@id\":\"https:\\\/\\\/kmtwaterjet.com\\\/de\\\/ueber-uns-die-pioniere-des-wasserstrahlschneidens\\\/kmt-mission-vision-werteerklaerung\\\/#primaryimage\"},\"thumbnailUrl\":\"https:\\\/\\\/kmtwaterjet.com\\\/wp-content\\\/uploads\\\/KMT-WATERJET-COMPLETE-CUTTING-SYSTEM-COMPONENTS-GRAPHIC.png\",\"datePublished\":\"2024-06-13T15:24:36+00:00\",\"dateModified\":\"2026-03-26T15:59:53+00:00\",\"description\":\"KMT liefert innovative Ultrahochdruck-Wasserl\u00f6sungen, die durch au\u00dfergew\u00f6hnlichen Service, Sicherheit und ein Engagement f\u00fcr den Kundenerfolg unterst\u00fctzt werden.\",\"breadcrumb\":{\"@id\":\"https:\\\/\\\/kmtwaterjet.com\\\/de\\\/ueber-uns-die-pioniere-des-wasserstrahlschneidens\\\/kmt-mission-vision-werteerklaerung\\\/#breadcrumb\"},\"inLanguage\":\"de-DE\",\"potentialAction\":[{\"@type\":\"ReadAction\",\"target\":[\"https:\\\/\\\/kmtwaterjet.com\\\/de\\\/ueber-uns-die-pioniere-des-wasserstrahlschneidens\\\/kmt-mission-vision-werteerklaerung\\\/\"]}]},{\"@type\":\"ImageObject\",\"inLanguage\":\"de-DE\",\"@id\":\"https:\\\/\\\/kmtwaterjet.com\\\/de\\\/ueber-uns-die-pioniere-des-wasserstrahlschneidens\\\/kmt-mission-vision-werteerklaerung\\\/#primaryimage\",\"url\":\"https:\\\/\\\/kmtwaterjet.com\\\/wp-content\\\/uploads\\\/KMT-WATERJET-COMPLETE-CUTTING-SYSTEM-COMPONENTS-GRAPHIC.png\",\"contentUrl\":\"https:\\\/\\\/kmtwaterjet.com\\\/wp-content\\\/uploads\\\/KMT-WATERJET-COMPLETE-CUTTING-SYSTEM-COMPONENTS-GRAPHIC.png\"},{\"@type\":\"BreadcrumbList\",\"@id\":\"https:\\\/\\\/kmtwaterjet.com\\\/de\\\/ueber-uns-die-pioniere-des-wasserstrahlschneidens\\\/kmt-mission-vision-werteerklaerung\\\/#breadcrumb\",\"itemListElement\":[{\"@type\":\"ListItem\",\"position\":1,\"name\":\"Home\",\"item\":\"https:\\\/\\\/kmtwaterjet.com\\\/de\\\/\"},{\"@type\":\"ListItem\",\"position\":2,\"name\":\"\u00dcber Uns: Die Pioniere des Wasserstrahlschneidens\",\"item\":\"https:\\\/\\\/kmtwaterjet.com\\\/de\\\/ueber-uns-die-pioniere-des-wasserstrahlschneidens\\\/\"},{\"@type\":\"ListItem\",\"position\":3,\"name\":\"KMT Mission, Vision und Werteerkl\u00e4rung\"}]},{\"@type\":\"WebSite\",\"@id\":\"https:\\\/\\\/kmtwaterjet.com\\\/de\\\/#website\",\"url\":\"https:\\\/\\\/kmtwaterjet.com\\\/de\\\/\",\"name\":\"KMT Waterjet\",\"description\":\"KMT Waterjet for waterjet cutting metal, stone, glass, steel and more\",\"publisher\":{\"@id\":\"https:\\\/\\\/kmtwaterjet.com\\\/de\\\/#organization\"},\"potentialAction\":[{\"@type\":\"SearchAction\",\"target\":{\"@type\":\"EntryPoint\",\"urlTemplate\":\"https:\\\/\\\/kmtwaterjet.com\\\/de\\\/?s={search_term_string}\"},\"query-input\":{\"@type\":\"PropertyValueSpecification\",\"valueRequired\":true,\"valueName\":\"search_term_string\"}}],\"inLanguage\":\"de-DE\"},{\"@type\":\"Organization\",\"@id\":\"https:\\\/\\\/kmtwaterjet.com\\\/de\\\/#organization\",\"name\":\"KMT Waterjet\",\"url\":\"https:\\\/\\\/kmtwaterjet.com\\\/de\\\/\",\"logo\":{\"@type\":\"ImageObject\",\"inLanguage\":\"de-DE\",\"@id\":\"https:\\\/\\\/kmtwaterjet.com\\\/de\\\/#\\\/schema\\\/logo\\\/image\\\/\",\"url\":\"https:\\\/\\\/kmtwaterjet.com\\\/wp-content\\\/uploads\\\/kmt_logo_2020.png\",\"contentUrl\":\"https:\\\/\\\/kmtwaterjet.com\\\/wp-content\\\/uploads\\\/kmt_logo_2020.png\",\"width\":1002,\"height\":605,\"caption\":\"KMT Waterjet\"},\"image\":{\"@id\":\"https:\\\/\\\/kmtwaterjet.com\\\/de\\\/#\\\/schema\\\/logo\\\/image\\\/\"}}]}<\/script>\n<!-- \/ Yoast SEO plugin. -->","yoast_head_json":{"title":"KMT Mission, Vision und Werteerkl\u00e4rung | KMT Waterjet","description":"KMT liefert innovative Ultrahochdruck-Wasserl\u00f6sungen, die durch au\u00dfergew\u00f6hnlichen Service, Sicherheit und ein Engagement f\u00fcr den Kundenerfolg unterst\u00fctzt werden.","robots":{"index":"index","follow":"follow","max-snippet":"max-snippet:-1","max-image-preview":"max-image-preview:large","max-video-preview":"max-video-preview:-1"},"canonical":"https:\/\/kmtwaterjet.com\/de\/ueber-uns-die-pioniere-des-wasserstrahlschneidens\/kmt-mission-vision-werteerklaerung\/","og_locale":"de_DE","og_type":"article","og_title":"KMT Mission, Vision und Werteerkl\u00e4rung | KMT Waterjet","og_description":"KMT liefert innovative Ultrahochdruck-Wasserl\u00f6sungen, die durch au\u00dfergew\u00f6hnlichen Service, Sicherheit und ein Engagement f\u00fcr den Kundenerfolg unterst\u00fctzt werden.","og_url":"https:\/\/kmtwaterjet.com\/de\/ueber-uns-die-pioniere-des-wasserstrahlschneidens\/kmt-mission-vision-werteerklaerung\/","og_site_name":"KMT Waterjet","article_modified_time":"2026-03-26T15:59:53+00:00","og_image":[{"width":1000,"height":424,"url":"https:\/\/kmtwaterjet.com\/wp-content\/uploads\/KMT-WATERJET-COMPLETE-CUTTING-SYSTEM-COMPONENTS-GRAPHIC.png","type":"image\/png"}],"twitter_card":"summary_large_image","twitter_misc":{"Gesch\u00e4tzte Lesezeit":"1 Minute"},"schema":{"@context":"https:\/\/schema.org","@graph":[{"@type":"WebPage","@id":"https:\/\/kmtwaterjet.com\/de\/ueber-uns-die-pioniere-des-wasserstrahlschneidens\/kmt-mission-vision-werteerklaerung\/","url":"https:\/\/kmtwaterjet.com\/de\/ueber-uns-die-pioniere-des-wasserstrahlschneidens\/kmt-mission-vision-werteerklaerung\/","name":"KMT Mission, Vision und Werteerkl\u00e4rung | KMT Waterjet","isPartOf":{"@id":"https:\/\/kmtwaterjet.com\/de\/#website"},"primaryImageOfPage":{"@id":"https:\/\/kmtwaterjet.com\/de\/ueber-uns-die-pioniere-des-wasserstrahlschneidens\/kmt-mission-vision-werteerklaerung\/#primaryimage"},"image":{"@id":"https:\/\/kmtwaterjet.com\/de\/ueber-uns-die-pioniere-des-wasserstrahlschneidens\/kmt-mission-vision-werteerklaerung\/#primaryimage"},"thumbnailUrl":"https:\/\/kmtwaterjet.com\/wp-content\/uploads\/KMT-WATERJET-COMPLETE-CUTTING-SYSTEM-COMPONENTS-GRAPHIC.png","datePublished":"2024-06-13T15:24:36+00:00","dateModified":"2026-03-26T15:59:53+00:00","description":"KMT liefert innovative Ultrahochdruck-Wasserl\u00f6sungen, die durch au\u00dfergew\u00f6hnlichen Service, Sicherheit und ein Engagement f\u00fcr den Kundenerfolg unterst\u00fctzt werden.","breadcrumb":{"@id":"https:\/\/kmtwaterjet.com\/de\/ueber-uns-die-pioniere-des-wasserstrahlschneidens\/kmt-mission-vision-werteerklaerung\/#breadcrumb"},"inLanguage":"de-DE","potentialAction":[{"@type":"ReadAction","target":["https:\/\/kmtwaterjet.com\/de\/ueber-uns-die-pioniere-des-wasserstrahlschneidens\/kmt-mission-vision-werteerklaerung\/"]}]},{"@type":"ImageObject","inLanguage":"de-DE","@id":"https:\/\/kmtwaterjet.com\/de\/ueber-uns-die-pioniere-des-wasserstrahlschneidens\/kmt-mission-vision-werteerklaerung\/#primaryimage","url":"https:\/\/kmtwaterjet.com\/wp-content\/uploads\/KMT-WATERJET-COMPLETE-CUTTING-SYSTEM-COMPONENTS-GRAPHIC.png","contentUrl":"https:\/\/kmtwaterjet.com\/wp-content\/uploads\/KMT-WATERJET-COMPLETE-CUTTING-SYSTEM-COMPONENTS-GRAPHIC.png"},{"@type":"BreadcrumbList","@id":"https:\/\/kmtwaterjet.com\/de\/ueber-uns-die-pioniere-des-wasserstrahlschneidens\/kmt-mission-vision-werteerklaerung\/#breadcrumb","itemListElement":[{"@type":"ListItem","position":1,"name":"Home","item":"https:\/\/kmtwaterjet.com\/de\/"},{"@type":"ListItem","position":2,"name":"\u00dcber Uns: Die Pioniere des Wasserstrahlschneidens","item":"https:\/\/kmtwaterjet.com\/de\/ueber-uns-die-pioniere-des-wasserstrahlschneidens\/"},{"@type":"ListItem","position":3,"name":"KMT Mission, Vision und Werteerkl\u00e4rung"}]},{"@type":"WebSite","@id":"https:\/\/kmtwaterjet.com\/de\/#website","url":"https:\/\/kmtwaterjet.com\/de\/","name":"KMT Waterjet","description":"KMT Waterjet for waterjet cutting metal, stone, glass, steel and more","publisher":{"@id":"https:\/\/kmtwaterjet.com\/de\/#organization"},"potentialAction":[{"@type":"SearchAction","target":{"@type":"EntryPoint","urlTemplate":"https:\/\/kmtwaterjet.com\/de\/?s={search_term_string}"},"query-input":{"@type":"PropertyValueSpecification","valueRequired":true,"valueName":"search_term_string"}}],"inLanguage":"de-DE"},{"@type":"Organization","@id":"https:\/\/kmtwaterjet.com\/de\/#organization","name":"KMT Waterjet","url":"https:\/\/kmtwaterjet.com\/de\/","logo":{"@type":"ImageObject","inLanguage":"de-DE","@id":"https:\/\/kmtwaterjet.com\/de\/#\/schema\/logo\/image\/","url":"https:\/\/kmtwaterjet.com\/wp-content\/uploads\/kmt_logo_2020.png","contentUrl":"https:\/\/kmtwaterjet.com\/wp-content\/uploads\/kmt_logo_2020.png","width":1002,"height":605,"caption":"KMT Waterjet"},"image":{"@id":"https:\/\/kmtwaterjet.com\/de\/#\/schema\/logo\/image\/"}}]}},"_links":{"self":[{"href":"https:\/\/kmtwaterjet.com\/de\/wp-json\/wp\/v2\/pages\/30879","targetHints":{"allow":["GET"]}}],"collection":[{"href":"https:\/\/kmtwaterjet.com\/de\/wp-json\/wp\/v2\/pages"}],"about":[{"href":"https:\/\/kmtwaterjet.com\/de\/wp-json\/wp\/v2\/types\/page"}],"author":[{"embeddable":true,"href":"https:\/\/kmtwaterjet.com\/de\/wp-json\/wp\/v2\/users\/11"}],"replies":[{"embeddable":true,"href":"https:\/\/kmtwaterjet.com\/de\/wp-json\/wp\/v2\/comments?post=30879"}],"version-history":[{"count":0,"href":"https:\/\/kmtwaterjet.com\/de\/wp-json\/wp\/v2\/pages\/30879\/revisions"}],"up":[{"embeddable":true,"href":"https:\/\/kmtwaterjet.com\/de\/wp-json\/wp\/v2\/pages\/29264"}],"wp:attachment":[{"href":"https:\/\/kmtwaterjet.com\/de\/wp-json\/wp\/v2\/media?parent=30879"}],"wp:term":[{"taxonomy":"page-type","embeddable":true,"href":"https:\/\/kmtwaterjet.com\/de\/wp-json\/wp\/v2\/page-type?post=30879"}],"curies":[{"name":"wp","href":"https:\/\/api.w.org\/{rel}","templated":true}]}}