{"id":25653,"date":"2024-01-25T12:35:21","date_gmt":"2024-01-25T18:35:21","guid":{"rendered":"https:\/\/kmtwaterjet.com\/karriere\/"},"modified":"2025-10-08T11:30:55","modified_gmt":"2025-10-08T16:30:55","slug":"karriere","status":"publish","type":"page","link":"https:\/\/kmtwaterjet.com\/de\/karriere\/","title":{"rendered":"Karriere"},"content":{"rendered":"\t\t<div data-elementor-type=\"wp-page\" data-elementor-id=\"25653\" class=\"elementor elementor-25653 elementor-3524\" data-elementor-post-type=\"page\">\n\t\t\t\t<div class=\"elementor-element elementor-element-0e9108d e-flex e-con-boxed e-con e-parent\" data-id=\"0e9108d\" data-element_type=\"container\" data-e-type=\"container\" data-settings=\"{&quot;background_background&quot;:&quot;classic&quot;,&quot;shape_divider_bottom&quot;:&quot;waves&quot;}\">\n\t\t\t\t\t<div class=\"e-con-inner\">\n\t\t\t\t<div class=\"elementor-shape elementor-shape-bottom\" aria-hidden=\"true\" data-negative=\"false\">\n\t\t\t<svg xmlns=\"http:\/\/www.w3.org\/2000\/svg\" viewBox=\"0 0 1000 100\" preserveAspectRatio=\"none\">\n\t<path class=\"elementor-shape-fill\" d=\"M421.9,6.5c22.6-2.5,51.5,0.4,75.5,5.3c23.6,4.9,70.9,23.5,100.5,35.7c75.8,32.2,133.7,44.5,192.6,49.7\n\tc23.6,2.1,48.7,3.5,103.4-2.5c54.7-6,106.2-25.6,106.2-25.6V0H0v30.3c0,0,72,32.6,158.4,30.5c39.2-0.7,92.8-6.7,134-22.4\n\tc21.2-8.1,52.2-18.2,79.7-24.2C399.3,7.9,411.6,7.5,421.9,6.5z\"\/>\n<\/svg>\t\t<\/div>\n\t\t<div class=\"elementor-element elementor-element-41b8436 e-flex e-con-boxed e-con e-child\" data-id=\"41b8436\" data-element_type=\"container\" data-e-type=\"container\">\n\t\t\t\t\t<div class=\"e-con-inner\">\n\t\t\t\t<div class=\"elementor-element elementor-element-4b20a65 elementor-widget elementor-widget-heading\" data-id=\"4b20a65\" data-element_type=\"widget\" data-e-type=\"widget\" data-widget_type=\"heading.default\">\n\t\t\t\t<div class=\"elementor-widget-container\">\n\t\t\t\t\t<h1 class=\"elementor-heading-title elementor-size-default\">Werden Sie Teil des KMT Waterjet Teams - dem Weltmarktf\u00fchrer f\u00fcr Wasserstrahlschneidpumpen.<\/h1>\t\t\t\t<\/div>\n\t\t\t\t<\/div>\n\t\t\t\t\t<\/div>\n\t\t\t\t<\/div>\n\t\t\t\t\t<\/div>\n\t\t\t\t<\/div>\n\t\t<div class=\"elementor-element elementor-element-20e8b0c e-flex e-con-boxed e-con e-parent\" data-id=\"20e8b0c\" data-element_type=\"container\" data-e-type=\"container\" data-settings=\"{&quot;background_background&quot;:&quot;classic&quot;}\">\n\t\t\t\t\t<div class=\"e-con-inner\">\n\t\t<div class=\"elementor-element elementor-element-3db032c e-con-full e-flex e-con e-child\" data-id=\"3db032c\" data-element_type=\"container\" data-e-type=\"container\">\n\t\t\t\t<div class=\"elementor-element elementor-element-d577189 elementor-widget__width-initial elementor-widget elementor-widget-heading\" data-id=\"d577189\" data-element_type=\"widget\" data-e-type=\"widget\" data-widget_type=\"heading.default\">\n\t\t\t\t<div class=\"elementor-widget-container\">\n\t\t\t\t\t<h2 class=\"elementor-heading-title elementor-size-default\">Die Vorteile einer Zusammenarbeit mit dem KMT Waterjet Team<\/h2>\t\t\t\t<\/div>\n\t\t\t\t<\/div>\n\t\t\t\t<div class=\"elementor-element elementor-element-2e64844 elementor-widget__width-initial elementor-widget elementor-widget-heading\" data-id=\"2e64844\" data-element_type=\"widget\" data-e-type=\"widget\" data-widget_type=\"heading.default\">\n\t\t\t\t<div class=\"elementor-widget-container\">\n\t\t\t\t\t<h4 class=\"elementor-heading-title elementor-size-default\">KMT - Die Pioniere des Wasserstrahlschneidens.<\/h4>\t\t\t\t<\/div>\n\t\t\t\t<\/div>\n\t\t\t\t<div class=\"elementor-element elementor-element-7503a8e elementor-widget elementor-widget-text-editor\" data-id=\"7503a8e\" data-element_type=\"widget\" data-e-type=\"widget\" data-widget_type=\"text-editor.default\">\n\t\t\t\t<div class=\"elementor-widget-container\">\n\t\t\t\t\t\t\t\t\t<p><strong>DIE RICHTUNG VORGEBEN  <\/strong><\/p><p>Werden Sie Teil einer einzigartigen Gruppe von Menschen, die nicht nur lieben, was sie tun, sondern auch die Technologie lieben. Unser Team besteht aus talentierten Menschen, die sich durch Zielstrebigkeit, Kreativit\u00e4t und Leidenschaft auszeichnen. Unsere globale Pr\u00e4senz, unsere Produkte und unsere Mitarbeiter erweitern die Definition des M\u00f6glichen und verbinden Kunden und aufstrebende M\u00e4rkte mit den Fertigungsprozessen von morgen.  <\/p><p>Wir engagieren uns f\u00fcr die berufliche Entwicklung und das pers\u00f6nliche Wohlbefinden unseres Teams. KMT Waterjet bietet Ihnen ein wettbewerbsf\u00e4higes Paket von Sozialleistungen, um Ihre finanziellen, physischen und emotionalen Bed\u00fcrfnisse zu erf\u00fcllen. Unsere Sozialleistungen sind so konzipiert, dass sie das Wachstum des Einzelnen unterst\u00fctzen und es den Teammitgliedern erm\u00f6glichen, sich auf die Unternehmensvision zu konzentrieren und sich sowohl bei der Arbeit als auch zu Hause voll zu engagieren.    <\/p><p><em>KMT Waterjet. Sehen Sie unser TeamWork Together. <\/em><\/p><p><strong>COMPLIANCE<\/strong><\/p><p>Klicken Sie <a href=\"https:\/\/www.shapetechnologies.com\/careers\/\">\n  <u>\n    <b>hier<\/b>\n  <\/u>\n<\/a> um das Shape Technologies Group Compliance Center zu besuchen.<\/p><p>Die Shape Technologies Group ist ein Arbeitgeber, der Chancengleichheit bietet.<\/p>\t\t\t\t\t\t\t\t<\/div>\n\t\t\t\t<\/div>\n\t\t\t\t<div class=\"elementor-element elementor-element-a2480d4 elementor-align-left elementor-mobile-align-center elementor-widget elementor-widget-button\" data-id=\"a2480d4\" data-element_type=\"widget\" data-e-type=\"widget\" data-settings=\"{&quot;motion_fx_motion_fx_scrolling&quot;:&quot;yes&quot;,&quot;motion_fx_opacity_effect&quot;:&quot;yes&quot;,&quot;motion_fx_opacity_direction&quot;:&quot;out-in-out&quot;,&quot;motion_fx_opacity_level&quot;:{&quot;unit&quot;:&quot;px&quot;,&quot;size&quot;:10,&quot;sizes&quot;:[]},&quot;motion_fx_opacity_range&quot;:{&quot;unit&quot;:&quot;%&quot;,&quot;size&quot;:&quot;&quot;,&quot;sizes&quot;:{&quot;start&quot;:20,&quot;end&quot;:80}},&quot;motion_fx_devices&quot;:[&quot;desktop&quot;,&quot;tablet&quot;,&quot;mobile&quot;]}\" data-widget_type=\"button.default\">\n\t\t\t\t<div class=\"elementor-widget-container\">\n\t\t\t\t\t\t\t\t\t<div class=\"elementor-button-wrapper\">\n\t\t\t\t\t<a class=\"elementor-button elementor-button-link elementor-size-sm\" href=\"https:\/\/recruiting2.ultipro.com\/FLO1003FLOIN\/JobBoard\/fad74a99-2903-4490-82a9-062cfacb1948\/?q=&#038;o=postedDateDesc&#038;w=&#038;wc=&#038;we=&#038;wpst=\" target=\"_blank\">\n\t\t\t\t\t\t<span class=\"elementor-button-content-wrapper\">\n\t\t\t\t\t\t\t\t\t<span class=\"elementor-button-text\">Besuchen Sie die KMT-Karriereseite mit Stellenangeboten &gt;<\/span>\n\t\t\t\t\t<\/span>\n\t\t\t\t\t<\/a>\n\t\t\t\t<\/div>\n\t\t\t\t\t\t\t\t<\/div>\n\t\t\t\t<\/div>\n\t\t\t\t<\/div>\n\t\t\t\t\t<\/div>\n\t\t\t\t<\/div>\n\t\t\t\t<\/div>\n\t\t","protected":false},"excerpt":{"rendered":"<p>Werden Sie Teil des KMT Waterjet Teams &#8211; dem Weltmarktf\u00fchrer f\u00fcr Wasserstrahlschneidpumpen. Die Vorteile einer Zusammenarbeit mit dem KMT Waterjet Team KMT &#8211; Die Pioniere des Wasserstrahlschneidens. DIE RICHTUNG VORGEBEN Werden Sie Teil einer einzigartigen Gruppe von Menschen, die nicht nur lieben, was sie tun, sondern auch die Technologie lieben. Unser Team besteht aus talentierten [&hellip;]<\/p>\n","protected":false},"author":17,"featured_media":0,"parent":0,"menu_order":0,"comment_status":"closed","ping_status":"closed","template":"elementor_header_footer","meta":{"_acf_changed":false,"footnotes":""},"page-type":[],"class_list":["post-25653","page","type-page","status-publish","hentry"],"acf":[],"yoast_head":"<!-- This site is optimized with the Yoast SEO plugin v27.3 - https:\/\/yoast.com\/product\/yoast-seo-wordpress\/ -->\n<title>Karriere | KMT Waterjet<\/title>\n<meta name=\"description\" content=\"Werden Sie Mitglied bei KMT Waterjet - Weltmarktf\u00fchrer in der Wasserstrahlpumpen-Technologie. Erschlie\u00dfen Sie Ihr Potenzial, nutzen Sie die Innovation. Entdecken Sie jetzt die KMT-Karrieren!\" \/>\n<meta name=\"robots\" content=\"index, follow, max-snippet:-1, max-image-preview:large, max-video-preview:-1\" \/>\n<link rel=\"canonical\" href=\"https:\/\/kmtwaterjet.com\/de\/karriere\/\" \/>\n<meta property=\"og:locale\" content=\"de_DE\" \/>\n<meta property=\"og:type\" content=\"article\" \/>\n<meta property=\"og:title\" content=\"Karriere | KMT Waterjet\" \/>\n<meta property=\"og:description\" content=\"Werden Sie Mitglied bei KMT Waterjet - Weltmarktf\u00fchrer in der Wasserstrahlpumpen-Technologie. Erschlie\u00dfen Sie Ihr Potenzial, nutzen Sie die Innovation. Entdecken Sie jetzt die KMT-Karrieren!\" \/>\n<meta property=\"og:url\" content=\"https:\/\/kmtwaterjet.com\/de\/karriere\/\" \/>\n<meta property=\"og:site_name\" content=\"KMT Waterjet\" \/>\n<meta property=\"article:modified_time\" content=\"2025-10-08T16:30:55+00:00\" \/>\n<meta property=\"og:image\" content=\"https:\/\/kmtwaterjet.com\/wp-content\/uploads\/KMT-Social-Sharing.jpg\" \/>\n\t<meta property=\"og:image:width\" content=\"1200\" \/>\n\t<meta property=\"og:image:height\" content=\"675\" \/>\n\t<meta property=\"og:image:type\" content=\"image\/jpeg\" \/>\n<meta name=\"twitter:card\" content=\"summary_large_image\" \/>\n<meta name=\"twitter:label1\" content=\"Gesch\u00e4tzte Lesezeit\" \/>\n\t<meta name=\"twitter:data1\" content=\"1 Minute\" \/>\n<script type=\"application\/ld+json\" class=\"yoast-schema-graph\">{\"@context\":\"https:\\\/\\\/schema.org\",\"@graph\":[{\"@type\":\"WebPage\",\"@id\":\"https:\\\/\\\/kmtwaterjet.com\\\/de\\\/karriere\\\/\",\"url\":\"https:\\\/\\\/kmtwaterjet.com\\\/de\\\/karriere\\\/\",\"name\":\"Karriere | KMT Waterjet\",\"isPartOf\":{\"@id\":\"https:\\\/\\\/kmtwaterjet.com\\\/de\\\/#website\"},\"datePublished\":\"2024-01-25T18:35:21+00:00\",\"dateModified\":\"2025-10-08T16:30:55+00:00\",\"description\":\"Werden Sie Mitglied bei KMT Waterjet - Weltmarktf\u00fchrer in der Wasserstrahlpumpen-Technologie. Erschlie\u00dfen Sie Ihr Potenzial, nutzen Sie die Innovation. Entdecken Sie jetzt die KMT-Karrieren!\",\"breadcrumb\":{\"@id\":\"https:\\\/\\\/kmtwaterjet.com\\\/de\\\/karriere\\\/#breadcrumb\"},\"inLanguage\":\"de-DE\",\"potentialAction\":[{\"@type\":\"ReadAction\",\"target\":[\"https:\\\/\\\/kmtwaterjet.com\\\/de\\\/karriere\\\/\"]}]},{\"@type\":\"BreadcrumbList\",\"@id\":\"https:\\\/\\\/kmtwaterjet.com\\\/de\\\/karriere\\\/#breadcrumb\",\"itemListElement\":[{\"@type\":\"ListItem\",\"position\":1,\"name\":\"Home\",\"item\":\"https:\\\/\\\/kmtwaterjet.com\\\/de\\\/\"},{\"@type\":\"ListItem\",\"position\":2,\"name\":\"Karriere\"}]},{\"@type\":\"WebSite\",\"@id\":\"https:\\\/\\\/kmtwaterjet.com\\\/de\\\/#website\",\"url\":\"https:\\\/\\\/kmtwaterjet.com\\\/de\\\/\",\"name\":\"KMT Waterjet\",\"description\":\"KMT Waterjet for waterjet cutting metal, stone, glass, steel and more\",\"publisher\":{\"@id\":\"https:\\\/\\\/kmtwaterjet.com\\\/de\\\/#organization\"},\"potentialAction\":[{\"@type\":\"SearchAction\",\"target\":{\"@type\":\"EntryPoint\",\"urlTemplate\":\"https:\\\/\\\/kmtwaterjet.com\\\/de\\\/?s={search_term_string}\"},\"query-input\":{\"@type\":\"PropertyValueSpecification\",\"valueRequired\":true,\"valueName\":\"search_term_string\"}}],\"inLanguage\":\"de-DE\"},{\"@type\":\"Organization\",\"@id\":\"https:\\\/\\\/kmtwaterjet.com\\\/de\\\/#organization\",\"name\":\"KMT Waterjet\",\"url\":\"https:\\\/\\\/kmtwaterjet.com\\\/de\\\/\",\"logo\":{\"@type\":\"ImageObject\",\"inLanguage\":\"de-DE\",\"@id\":\"https:\\\/\\\/kmtwaterjet.com\\\/de\\\/#\\\/schema\\\/logo\\\/image\\\/\",\"url\":\"https:\\\/\\\/kmtwaterjet.com\\\/wp-content\\\/uploads\\\/kmt_logo_2020.png\",\"contentUrl\":\"https:\\\/\\\/kmtwaterjet.com\\\/wp-content\\\/uploads\\\/kmt_logo_2020.png\",\"width\":1002,\"height\":605,\"caption\":\"KMT Waterjet\"},\"image\":{\"@id\":\"https:\\\/\\\/kmtwaterjet.com\\\/de\\\/#\\\/schema\\\/logo\\\/image\\\/\"}}]}<\/script>\n<!-- \/ Yoast SEO plugin. -->","yoast_head_json":{"title":"Karriere | KMT Waterjet","description":"Werden Sie Mitglied bei KMT Waterjet - Weltmarktf\u00fchrer in der Wasserstrahlpumpen-Technologie. Erschlie\u00dfen Sie Ihr Potenzial, nutzen Sie die Innovation. Entdecken Sie jetzt die KMT-Karrieren!","robots":{"index":"index","follow":"follow","max-snippet":"max-snippet:-1","max-image-preview":"max-image-preview:large","max-video-preview":"max-video-preview:-1"},"canonical":"https:\/\/kmtwaterjet.com\/de\/karriere\/","og_locale":"de_DE","og_type":"article","og_title":"Karriere | KMT Waterjet","og_description":"Werden Sie Mitglied bei KMT Waterjet - Weltmarktf\u00fchrer in der Wasserstrahlpumpen-Technologie. Erschlie\u00dfen Sie Ihr Potenzial, nutzen Sie die Innovation. Entdecken Sie jetzt die KMT-Karrieren!","og_url":"https:\/\/kmtwaterjet.com\/de\/karriere\/","og_site_name":"KMT Waterjet","article_modified_time":"2025-10-08T16:30:55+00:00","og_image":[{"width":1200,"height":675,"url":"https:\/\/kmtwaterjet.com\/wp-content\/uploads\/KMT-Social-Sharing.jpg","type":"image\/jpeg"}],"twitter_card":"summary_large_image","twitter_misc":{"Gesch\u00e4tzte Lesezeit":"1 Minute"},"schema":{"@context":"https:\/\/schema.org","@graph":[{"@type":"WebPage","@id":"https:\/\/kmtwaterjet.com\/de\/karriere\/","url":"https:\/\/kmtwaterjet.com\/de\/karriere\/","name":"Karriere | KMT Waterjet","isPartOf":{"@id":"https:\/\/kmtwaterjet.com\/de\/#website"},"datePublished":"2024-01-25T18:35:21+00:00","dateModified":"2025-10-08T16:30:55+00:00","description":"Werden Sie Mitglied bei KMT Waterjet - Weltmarktf\u00fchrer in der Wasserstrahlpumpen-Technologie. Erschlie\u00dfen Sie Ihr Potenzial, nutzen Sie die Innovation. Entdecken Sie jetzt die KMT-Karrieren!","breadcrumb":{"@id":"https:\/\/kmtwaterjet.com\/de\/karriere\/#breadcrumb"},"inLanguage":"de-DE","potentialAction":[{"@type":"ReadAction","target":["https:\/\/kmtwaterjet.com\/de\/karriere\/"]}]},{"@type":"BreadcrumbList","@id":"https:\/\/kmtwaterjet.com\/de\/karriere\/#breadcrumb","itemListElement":[{"@type":"ListItem","position":1,"name":"Home","item":"https:\/\/kmtwaterjet.com\/de\/"},{"@type":"ListItem","position":2,"name":"Karriere"}]},{"@type":"WebSite","@id":"https:\/\/kmtwaterjet.com\/de\/#website","url":"https:\/\/kmtwaterjet.com\/de\/","name":"KMT Waterjet","description":"KMT Waterjet for waterjet cutting metal, stone, glass, steel and more","publisher":{"@id":"https:\/\/kmtwaterjet.com\/de\/#organization"},"potentialAction":[{"@type":"SearchAction","target":{"@type":"EntryPoint","urlTemplate":"https:\/\/kmtwaterjet.com\/de\/?s={search_term_string}"},"query-input":{"@type":"PropertyValueSpecification","valueRequired":true,"valueName":"search_term_string"}}],"inLanguage":"de-DE"},{"@type":"Organization","@id":"https:\/\/kmtwaterjet.com\/de\/#organization","name":"KMT Waterjet","url":"https:\/\/kmtwaterjet.com\/de\/","logo":{"@type":"ImageObject","inLanguage":"de-DE","@id":"https:\/\/kmtwaterjet.com\/de\/#\/schema\/logo\/image\/","url":"https:\/\/kmtwaterjet.com\/wp-content\/uploads\/kmt_logo_2020.png","contentUrl":"https:\/\/kmtwaterjet.com\/wp-content\/uploads\/kmt_logo_2020.png","width":1002,"height":605,"caption":"KMT Waterjet"},"image":{"@id":"https:\/\/kmtwaterjet.com\/de\/#\/schema\/logo\/image\/"}}]}},"_links":{"self":[{"href":"https:\/\/kmtwaterjet.com\/de\/wp-json\/wp\/v2\/pages\/25653","targetHints":{"allow":["GET"]}}],"collection":[{"href":"https:\/\/kmtwaterjet.com\/de\/wp-json\/wp\/v2\/pages"}],"about":[{"href":"https:\/\/kmtwaterjet.com\/de\/wp-json\/wp\/v2\/types\/page"}],"author":[{"embeddable":true,"href":"https:\/\/kmtwaterjet.com\/de\/wp-json\/wp\/v2\/users\/17"}],"replies":[{"embeddable":true,"href":"https:\/\/kmtwaterjet.com\/de\/wp-json\/wp\/v2\/comments?post=25653"}],"version-history":[{"count":0,"href":"https:\/\/kmtwaterjet.com\/de\/wp-json\/wp\/v2\/pages\/25653\/revisions"}],"wp:attachment":[{"href":"https:\/\/kmtwaterjet.com\/de\/wp-json\/wp\/v2\/media?parent=25653"}],"wp:term":[{"taxonomy":"page-type","embeddable":true,"href":"https:\/\/kmtwaterjet.com\/de\/wp-json\/wp\/v2\/page-type?post=25653"}],"curies":[{"name":"wp","href":"https:\/\/api.w.org\/{rel}","templated":true}]}}